{"id":1983,"date":"2022-09-12T19:12:38","date_gmt":"2022-09-12T19:12:38","guid":{"rendered":"http:\/\/www.stupinasanctuctalis.ro\/?post_type=product&#038;p=1983"},"modified":"2024-04-14T05:15:59","modified_gmt":"2024-04-14T05:15:59","slug":"miere-de-mana","status":"publish","type":"product","link":"https:\/\/www.stupinasanctuctalis.ro\/en\/product\/miere-de-mana\/","title":{"rendered":"Miere de Man\u0103"},"content":{"rendered":"<p>Mierea de man\u0103 este un tip de miere cu multiple beneficii pentru s\u0103n\u0103tatea noastr\u0103. Mierea este produs\u0103 de albine din seva plantelor, dar nu direct, ci dup\u0103 ce a fost ingerat\u0103 \u0219i excretat\u0103 de ni\u0219te insecte (afide) care absorb aceast\u0103 sev\u0103 pentru a extrage proteine din ea. Pic\u0103turile excretate r\u0103m\u00e2n pe frunze, pe coaja arborilor, pe ramuri, \u0219i sunt g\u0103site de albine, colectate \u0219i transformate \u00een miere.<\/p>\n<div class=\"row\">\n<div class=\"col-sm-7\">\n<p>Doar \u00een 1% din cazuri, albinele folosesc sev\u0103 direct, aceasta nefiind excretat\u0103 de afide, iar atunci mai degrab\u0103 ca urmare a unei leziuni a plantei care duce la secre\u021bia de sev\u0103 la exterior.<\/p>\n<p>Aceast\u0103 miere cu gust intens, bogat\u0103 \u00een minerale, aromat\u0103 este deci rezultatul unei \u201ecolabor\u0103ri\u201d \u00eentre afide \u0219i albine des \u00eent\u00e2lnit\u0103 \u00een \u00eentreaga lume, dar pu\u021bin cunoscut\u0103 de majoritatea oamenilor, chiar \u0219i de cei care consum\u0103 regulat miere.<\/p>\n<p>Mierea de man\u0103 este extrem de apreciat\u0103 \u00een unele p\u0103r\u021bi ale lumii pentru aroma ei intens\u0103 \u0219i propriet\u0103\u021bile sale. Este binecunoscut\u0103 \u00een \u021b\u0103ri europene precum Germania, Elve\u021bia, Austria, Italia, Grecia sau Turcia, dar \u0219i \u00een Noua Zeeland\u0103 \u0219i pre\u021bul ei este adesea mai ridicat.<\/p>\n<\/div>\n<div class=\"col-sm-5\"><\/div>\n<\/div>","protected":false},"excerpt":{"rendered":"<p>Cantitate : 1000g.<\/p>","protected":false},"featured_media":2088,"comment_status":"open","ping_status":"closed","template":"","meta":{"site-sidebar-layout":"default","site-content-layout":"default","ast-site-content-layout":"","site-content-style":"default","site-sidebar-style":"default","ast-global-header-display":"","ast-banner-title-visibility":"","ast-main-header-display":"","ast-hfb-above-header-display":"","ast-hfb-below-header-display":"","ast-hfb-mobile-header-display":"","site-post-title":"","ast-breadcrumbs-content":"","ast-featured-img":"","footer-sml-layout":"","theme-transparent-header-meta":"default","adv-header-id-meta":"","stick-header-meta":"","header-above-stick-meta":"","header-main-stick-meta":"","header-below-stick-meta":"","astra-migrate-meta-layouts":""},"product_cat":[16],"product_tag":[27,38,25,34],"class_list":["post-1983","product","type-product","status-publish","has-post-thumbnail","hentry","product_cat-miere-si-produse-apicole","product_tag-miere","product_tag-miere-de-mana","product_tag-miere-de-salcam","product_tag-stupina","desktop-align-left","tablet-align-left","mobile-align-left"],"yoast_head":"<!-- This site is optimized with the Yoast SEO plugin v21.0 - https:\/\/yoast.com\/wordpress\/plugins\/seo\/ -->\n<title>Miere de Man\u0103 - Stupina Santuctalis<\/title>\n<meta name=\"description\" content=\"Magazinul cu cele mai bune produse apicole \u0219i miere natural\u0103 din Timi\u0219oara ! Cump\u0103r\u0103 acum cu \u00eencredere, \u0219i ne vei mul\u021bumi mai t\u00e2rziu !\" \/>\n<meta name=\"robots\" content=\"index, follow, max-snippet:-1, max-image-preview:large, max-video-preview:-1\" \/>\n<link rel=\"canonical\" href=\"https:\/\/www.stupinasanctuctalis.ro\/en\/product\/miere-de-mana\/\" \/>\n<meta property=\"og:locale\" content=\"en_US\" \/>\n<meta property=\"og:type\" content=\"article\" \/>\n<meta property=\"og:title\" content=\"Miere de Man\u0103 - Stupina Santuctalis\" \/>\n<meta property=\"og:description\" content=\"Magazinul cu cele mai bune produse apicole \u0219i miere natural\u0103 din Timi\u0219oara ! Cump\u0103r\u0103 acum cu \u00eencredere, \u0219i ne vei mul\u021bumi mai t\u00e2rziu !\" \/>\n<meta property=\"og:url\" content=\"https:\/\/www.stupinasanctuctalis.ro\/en\/product\/miere-de-mana\/\" \/>\n<meta property=\"og:site_name\" content=\"Stupina Santuctalis\" \/>\n<meta property=\"article:modified_time\" content=\"2024-04-14T05:15:59+00:00\" \/>\n<meta property=\"og:image\" content=\"https:\/\/www.stupinasanctuctalis.ro\/wp-content\/uploads\/2022\/09\/slazzer-edit-image-6.png\" \/>\n\t<meta property=\"og:image:width\" content=\"490\" \/>\n\t<meta property=\"og:image:height\" content=\"509\" \/>\n\t<meta property=\"og:image:type\" content=\"image\/png\" \/>\n<meta name=\"twitter:card\" content=\"summary_large_image\" \/>\n<meta name=\"twitter:label1\" content=\"Est. reading time\" \/>\n\t<meta name=\"twitter:data1\" content=\"1 minute\" \/>\n<script type=\"application\/ld+json\" class=\"yoast-schema-graph\">{\"@context\":\"https:\/\/schema.org\",\"@graph\":[{\"@type\":\"WebPage\",\"@id\":\"https:\/\/www.stupinasanctuctalis.ro\/product\/miere-de-mana\/\",\"url\":\"https:\/\/www.stupinasanctuctalis.ro\/product\/miere-de-mana\/\",\"name\":\"Miere de Man\u0103 - Stupina Santuctalis\",\"isPartOf\":{\"@id\":\"https:\/\/www.stupinasanctuctalis.ro\/#website\"},\"datePublished\":\"2022-09-12T19:12:38+00:00\",\"dateModified\":\"2024-04-14T05:15:59+00:00\",\"description\":\"Magazinul cu cele mai bune produse apicole \u0219i miere natural\u0103 din Timi\u0219oara ! Cump\u0103r\u0103 acum cu \u00eencredere, \u0219i ne vei mul\u021bumi mai t\u00e2rziu !\",\"breadcrumb\":{\"@id\":\"https:\/\/www.stupinasanctuctalis.ro\/product\/miere-de-mana\/#breadcrumb\"},\"inLanguage\":\"en-US\",\"potentialAction\":[{\"@type\":\"ReadAction\",\"target\":[\"https:\/\/www.stupinasanctuctalis.ro\/product\/miere-de-mana\/\"]}]},{\"@type\":\"BreadcrumbList\",\"@id\":\"https:\/\/www.stupinasanctuctalis.ro\/product\/miere-de-mana\/#breadcrumb\",\"itemListElement\":[{\"@type\":\"ListItem\",\"position\":1,\"name\":\"Acas\u0103\",\"item\":\"https:\/\/www.stupinasanctuctalis.ro\/\"},{\"@type\":\"ListItem\",\"position\":2,\"name\":\"Magazin\",\"item\":\"https:\/\/www.stupinasanctuctalis.ro\/shop\/\"},{\"@type\":\"ListItem\",\"position\":3,\"name\":\"Miere de Man\u0103\"}]},{\"@type\":\"WebSite\",\"@id\":\"https:\/\/www.stupinasanctuctalis.ro\/#website\",\"url\":\"https:\/\/www.stupinasanctuctalis.ro\/\",\"name\":\"Stupina Santuctalis\",\"description\":\"indulce\u0219te-ti ziua cu produsele noastre delicioase!\",\"publisher\":{\"@id\":\"https:\/\/www.stupinasanctuctalis.ro\/#organization\"},\"potentialAction\":[{\"@type\":\"SearchAction\",\"target\":{\"@type\":\"EntryPoint\",\"urlTemplate\":\"https:\/\/www.stupinasanctuctalis.ro\/?s={search_term_string}\"},\"query-input\":\"required name=search_term_string\"}],\"inLanguage\":\"en-US\"},{\"@type\":\"Organization\",\"@id\":\"https:\/\/www.stupinasanctuctalis.ro\/#organization\",\"name\":\"Stupina Santuctalis\",\"url\":\"https:\/\/www.stupinasanctuctalis.ro\/\",\"logo\":{\"@type\":\"ImageObject\",\"inLanguage\":\"en-US\",\"@id\":\"https:\/\/www.stupinasanctuctalis.ro\/#\/schema\/logo\/image\/\",\"url\":\"https:\/\/www.stupinasanctuctalis.ro\/wp-content\/uploads\/2022\/09\/cropped-cropped-slazzer-edit-image-5-2.png\",\"contentUrl\":\"https:\/\/www.stupinasanctuctalis.ro\/wp-content\/uploads\/2022\/09\/cropped-cropped-slazzer-edit-image-5-2.png\",\"width\":358,\"height\":349,\"caption\":\"Stupina Santuctalis\"},\"image\":{\"@id\":\"https:\/\/www.stupinasanctuctalis.ro\/#\/schema\/logo\/image\/\"},\"sameAs\":[\"https:\/\/www.instagram.com\/stupina_santuctalis\/\"]}]}<\/script>\n<!-- \/ Yoast SEO plugin. -->","yoast_head_json":{"title":"Miere de Man\u0103 - Stupina Santuctalis","description":"Magazinul cu cele mai bune produse apicole \u0219i miere natural\u0103 din Timi\u0219oara ! Cump\u0103r\u0103 acum cu \u00eencredere, \u0219i ne vei mul\u021bumi mai t\u00e2rziu !","robots":{"index":"index","follow":"follow","max-snippet":"max-snippet:-1","max-image-preview":"max-image-preview:large","max-video-preview":"max-video-preview:-1"},"canonical":"https:\/\/www.stupinasanctuctalis.ro\/en\/product\/miere-de-mana\/","og_locale":"en_US","og_type":"article","og_title":"Miere de Man\u0103 - Stupina Santuctalis","og_description":"Magazinul cu cele mai bune produse apicole \u0219i miere natural\u0103 din Timi\u0219oara ! Cump\u0103r\u0103 acum cu \u00eencredere, \u0219i ne vei mul\u021bumi mai t\u00e2rziu !","og_url":"https:\/\/www.stupinasanctuctalis.ro\/en\/product\/miere-de-mana\/","og_site_name":"Stupina Santuctalis","article_modified_time":"2024-04-14T05:15:59+00:00","og_image":[{"width":490,"height":509,"url":"https:\/\/www.stupinasanctuctalis.ro\/wp-content\/uploads\/2022\/09\/slazzer-edit-image-6.png","type":"image\/png"}],"twitter_card":"summary_large_image","twitter_misc":{"Est. reading time":"1 minute"},"schema":{"@context":"https:\/\/schema.org","@graph":[{"@type":"WebPage","@id":"https:\/\/www.stupinasanctuctalis.ro\/product\/miere-de-mana\/","url":"https:\/\/www.stupinasanctuctalis.ro\/product\/miere-de-mana\/","name":"Miere de Man\u0103 - Stupina Santuctalis","isPartOf":{"@id":"https:\/\/www.stupinasanctuctalis.ro\/#website"},"datePublished":"2022-09-12T19:12:38+00:00","dateModified":"2024-04-14T05:15:59+00:00","description":"Magazinul cu cele mai bune produse apicole \u0219i miere natural\u0103 din Timi\u0219oara ! Cump\u0103r\u0103 acum cu \u00eencredere, \u0219i ne vei mul\u021bumi mai t\u00e2rziu !","breadcrumb":{"@id":"https:\/\/www.stupinasanctuctalis.ro\/product\/miere-de-mana\/#breadcrumb"},"inLanguage":"en-US","potentialAction":[{"@type":"ReadAction","target":["https:\/\/www.stupinasanctuctalis.ro\/product\/miere-de-mana\/"]}]},{"@type":"BreadcrumbList","@id":"https:\/\/www.stupinasanctuctalis.ro\/product\/miere-de-mana\/#breadcrumb","itemListElement":[{"@type":"ListItem","position":1,"name":"Acas\u0103","item":"https:\/\/www.stupinasanctuctalis.ro\/"},{"@type":"ListItem","position":2,"name":"Magazin","item":"https:\/\/www.stupinasanctuctalis.ro\/shop\/"},{"@type":"ListItem","position":3,"name":"Miere de Man\u0103"}]},{"@type":"WebSite","@id":"https:\/\/www.stupinasanctuctalis.ro\/#website","url":"https:\/\/www.stupinasanctuctalis.ro\/","name":"Stupina Santuctalis","description":"indulce\u0219te-ti ziua cu produsele noastre delicioase!","publisher":{"@id":"https:\/\/www.stupinasanctuctalis.ro\/#organization"},"potentialAction":[{"@type":"SearchAction","target":{"@type":"EntryPoint","urlTemplate":"https:\/\/www.stupinasanctuctalis.ro\/?s={search_term_string}"},"query-input":"required name=search_term_string"}],"inLanguage":"en-US"},{"@type":"Organization","@id":"https:\/\/www.stupinasanctuctalis.ro\/#organization","name":"Stupina Santuctalis","url":"https:\/\/www.stupinasanctuctalis.ro\/","logo":{"@type":"ImageObject","inLanguage":"en-US","@id":"https:\/\/www.stupinasanctuctalis.ro\/#\/schema\/logo\/image\/","url":"https:\/\/www.stupinasanctuctalis.ro\/wp-content\/uploads\/2022\/09\/cropped-cropped-slazzer-edit-image-5-2.png","contentUrl":"https:\/\/www.stupinasanctuctalis.ro\/wp-content\/uploads\/2022\/09\/cropped-cropped-slazzer-edit-image-5-2.png","width":358,"height":349,"caption":"Stupina Santuctalis"},"image":{"@id":"https:\/\/www.stupinasanctuctalis.ro\/#\/schema\/logo\/image\/"},"sameAs":["https:\/\/www.instagram.com\/stupina_santuctalis\/"]}]}},"_links":{"self":[{"href":"https:\/\/www.stupinasanctuctalis.ro\/en\/wp-json\/wp\/v2\/product\/1983","targetHints":{"allow":["GET"]}}],"collection":[{"href":"https:\/\/www.stupinasanctuctalis.ro\/en\/wp-json\/wp\/v2\/product"}],"about":[{"href":"https:\/\/www.stupinasanctuctalis.ro\/en\/wp-json\/wp\/v2\/types\/product"}],"replies":[{"embeddable":true,"href":"https:\/\/www.stupinasanctuctalis.ro\/en\/wp-json\/wp\/v2\/comments?post=1983"}],"wp:featuredmedia":[{"embeddable":true,"href":"https:\/\/www.stupinasanctuctalis.ro\/en\/wp-json\/wp\/v2\/media\/2088"}],"wp:attachment":[{"href":"https:\/\/www.stupinasanctuctalis.ro\/en\/wp-json\/wp\/v2\/media?parent=1983"}],"wp:term":[{"taxonomy":"product_cat","embeddable":true,"href":"https:\/\/www.stupinasanctuctalis.ro\/en\/wp-json\/wp\/v2\/product_cat?post=1983"},{"taxonomy":"product_tag","embeddable":true,"href":"https:\/\/www.stupinasanctuctalis.ro\/en\/wp-json\/wp\/v2\/product_tag?post=1983"}],"curies":[{"name":"wp","href":"https:\/\/api.w.org\/{rel}","templated":true}]}}