{"id":2001,"date":"2022-09-12T20:08:54","date_gmt":"2022-09-12T20:08:54","guid":{"rendered":"http:\/\/www.stupinasanctuctalis.ro\/?post_type=product&#038;p=2001"},"modified":"2024-04-14T05:09:24","modified_gmt":"2024-04-14T05:09:24","slug":"miere-de-rapita-cu-capaceala","status":"publish","type":"product","link":"https:\/\/www.stupinasanctuctalis.ro\/en\/product\/miere-de-rapita-cu-capaceala\/","title":{"rendered":"Miere de rapi\u021b\u0103 cu c\u0103p\u0103ceal\u0103"},"content":{"rendered":"<p>Capaceala de faguri este un produs apicol ce contine miere, ceara, propolis si diferite alte substante active (enzime, antibiotice naturale) mai putin cunoscut, insa proprietatile sale terapeutice exceptionale il recomanda ca fiind de mare valoare.<\/p>\n<p>Concret, capaceala este capacul de la fagure, cu care albinele &#8222;sigileaza&#8221; mierea in fiecare celula pentru a-i putea conserva continutul pe timpul iernii. Cand albinele aduc mierea in stup, aceasta contine multa apa. Prin trecerea mierii de albine din celula in celula, ea este vanturata si imbogatita cu o serie de enzime, pana cand proportia de apa scade pana la un procent de circa 17-18%. Pentru a putea pastra mierea, albinele capacesc fiecare celula din fagure cu un capacel format din straturi succesive de ceara si propolis. Astfel, mierea se pastreaza in stup cu toate calitatile.<\/p>","protected":false},"excerpt":{"rendered":"<p>Cantitate : 500g.<\/p>\n<p>Con\u021binut : c\u0103p\u0103ceal\u0103, miere de rapi\u021b\u0103.<\/p>","protected":false},"featured_media":2034,"comment_status":"open","ping_status":"closed","template":"","meta":{"site-sidebar-layout":"default","site-content-layout":"default","ast-site-content-layout":"","site-content-style":"default","site-sidebar-style":"default","ast-global-header-display":"","ast-banner-title-visibility":"","ast-main-header-display":"","ast-hfb-above-header-display":"","ast-hfb-below-header-display":"","ast-hfb-mobile-header-display":"","site-post-title":"","ast-breadcrumbs-content":"","ast-featured-img":"","footer-sml-layout":"","theme-transparent-header-meta":"default","adv-header-id-meta":"","stick-header-meta":"","header-above-stick-meta":"","header-main-stick-meta":"","header-below-stick-meta":"","astra-migrate-meta-layouts":""},"product_cat":[16,18],"product_tag":[],"class_list":["post-2001","product","type-product","status-publish","has-post-thumbnail","hentry","product_cat-miere-si-produse-apicole","product_cat-produse-apicole-din-timisoara","desktop-align-left","tablet-align-left","mobile-align-left"],"yoast_head":"<!-- This site is optimized with the Yoast SEO plugin v21.0 - https:\/\/yoast.com\/wordpress\/plugins\/seo\/ -->\n<title>Miere de rapi\u021b\u0103 cu c\u0103p\u0103ceal\u0103 - Stupina Santuctalis<\/title>\n<meta name=\"description\" content=\"Magazinul cu cele mai bune produse apicole \u0219i miere natural\u0103 din Timi\u0219oara ! Cump\u0103r\u0103 acum cu \u00eencredere, \u0219i ne vei mul\u021bumi mai t\u00e2rziu !\" \/>\n<meta name=\"robots\" content=\"index, follow, max-snippet:-1, max-image-preview:large, max-video-preview:-1\" \/>\n<link rel=\"canonical\" href=\"https:\/\/www.stupinasanctuctalis.ro\/en\/product\/miere-de-rapita-cu-capaceala\/\" \/>\n<meta property=\"og:locale\" content=\"en_US\" \/>\n<meta property=\"og:type\" content=\"article\" \/>\n<meta property=\"og:title\" content=\"Miere de rapi\u021b\u0103 cu c\u0103p\u0103ceal\u0103 - Stupina Santuctalis\" \/>\n<meta property=\"og:description\" content=\"Magazinul cu cele mai bune produse apicole \u0219i miere natural\u0103 din Timi\u0219oara ! Cump\u0103r\u0103 acum cu \u00eencredere, \u0219i ne vei mul\u021bumi mai t\u00e2rziu !\" \/>\n<meta property=\"og:url\" content=\"https:\/\/www.stupinasanctuctalis.ro\/en\/product\/miere-de-rapita-cu-capaceala\/\" \/>\n<meta property=\"og:site_name\" content=\"Stupina Santuctalis\" \/>\n<meta property=\"article:modified_time\" content=\"2024-04-14T05:09:24+00:00\" \/>\n<meta property=\"og:image\" content=\"https:\/\/www.stupinasanctuctalis.ro\/wp-content\/uploads\/2022\/09\/A25B5266_prev_ui.png\" \/>\n\t<meta property=\"og:image:width\" content=\"408\" \/>\n\t<meta property=\"og:image:height\" content=\"612\" \/>\n\t<meta property=\"og:image:type\" content=\"image\/png\" \/>\n<meta name=\"twitter:card\" content=\"summary_large_image\" \/>\n<meta name=\"twitter:label1\" content=\"Est. reading time\" \/>\n\t<meta name=\"twitter:data1\" content=\"1 minute\" \/>\n<script type=\"application\/ld+json\" class=\"yoast-schema-graph\">{\"@context\":\"https:\/\/schema.org\",\"@graph\":[{\"@type\":\"WebPage\",\"@id\":\"https:\/\/www.stupinasanctuctalis.ro\/product\/miere-de-rapita-cu-capaceala\/\",\"url\":\"https:\/\/www.stupinasanctuctalis.ro\/product\/miere-de-rapita-cu-capaceala\/\",\"name\":\"Miere de rapi\u021b\u0103 cu c\u0103p\u0103ceal\u0103 - Stupina Santuctalis\",\"isPartOf\":{\"@id\":\"https:\/\/www.stupinasanctuctalis.ro\/#website\"},\"datePublished\":\"2022-09-12T20:08:54+00:00\",\"dateModified\":\"2024-04-14T05:09:24+00:00\",\"description\":\"Magazinul cu cele mai bune produse apicole \u0219i miere natural\u0103 din Timi\u0219oara ! Cump\u0103r\u0103 acum cu \u00eencredere, \u0219i ne vei mul\u021bumi mai t\u00e2rziu !\",\"breadcrumb\":{\"@id\":\"https:\/\/www.stupinasanctuctalis.ro\/product\/miere-de-rapita-cu-capaceala\/#breadcrumb\"},\"inLanguage\":\"en-US\",\"potentialAction\":[{\"@type\":\"ReadAction\",\"target\":[\"https:\/\/www.stupinasanctuctalis.ro\/product\/miere-de-rapita-cu-capaceala\/\"]}]},{\"@type\":\"BreadcrumbList\",\"@id\":\"https:\/\/www.stupinasanctuctalis.ro\/product\/miere-de-rapita-cu-capaceala\/#breadcrumb\",\"itemListElement\":[{\"@type\":\"ListItem\",\"position\":1,\"name\":\"Acas\u0103\",\"item\":\"https:\/\/www.stupinasanctuctalis.ro\/\"},{\"@type\":\"ListItem\",\"position\":2,\"name\":\"Magazin\",\"item\":\"https:\/\/www.stupinasanctuctalis.ro\/shop\/\"},{\"@type\":\"ListItem\",\"position\":3,\"name\":\"Miere de rapi\u021b\u0103 cu c\u0103p\u0103ceal\u0103\"}]},{\"@type\":\"WebSite\",\"@id\":\"https:\/\/www.stupinasanctuctalis.ro\/#website\",\"url\":\"https:\/\/www.stupinasanctuctalis.ro\/\",\"name\":\"Stupina Santuctalis\",\"description\":\"indulce\u0219te-ti ziua cu produsele noastre delicioase!\",\"publisher\":{\"@id\":\"https:\/\/www.stupinasanctuctalis.ro\/#organization\"},\"potentialAction\":[{\"@type\":\"SearchAction\",\"target\":{\"@type\":\"EntryPoint\",\"urlTemplate\":\"https:\/\/www.stupinasanctuctalis.ro\/?s={search_term_string}\"},\"query-input\":\"required name=search_term_string\"}],\"inLanguage\":\"en-US\"},{\"@type\":\"Organization\",\"@id\":\"https:\/\/www.stupinasanctuctalis.ro\/#organization\",\"name\":\"Stupina Santuctalis\",\"url\":\"https:\/\/www.stupinasanctuctalis.ro\/\",\"logo\":{\"@type\":\"ImageObject\",\"inLanguage\":\"en-US\",\"@id\":\"https:\/\/www.stupinasanctuctalis.ro\/#\/schema\/logo\/image\/\",\"url\":\"https:\/\/www.stupinasanctuctalis.ro\/wp-content\/uploads\/2022\/09\/cropped-cropped-slazzer-edit-image-5-2.png\",\"contentUrl\":\"https:\/\/www.stupinasanctuctalis.ro\/wp-content\/uploads\/2022\/09\/cropped-cropped-slazzer-edit-image-5-2.png\",\"width\":358,\"height\":349,\"caption\":\"Stupina Santuctalis\"},\"image\":{\"@id\":\"https:\/\/www.stupinasanctuctalis.ro\/#\/schema\/logo\/image\/\"},\"sameAs\":[\"https:\/\/www.instagram.com\/stupina_santuctalis\/\"]}]}<\/script>\n<!-- \/ Yoast SEO plugin. -->","yoast_head_json":{"title":"Miere de rapi\u021b\u0103 cu c\u0103p\u0103ceal\u0103 - Stupina Santuctalis","description":"Magazinul cu cele mai bune produse apicole \u0219i miere natural\u0103 din Timi\u0219oara ! Cump\u0103r\u0103 acum cu \u00eencredere, \u0219i ne vei mul\u021bumi mai t\u00e2rziu !","robots":{"index":"index","follow":"follow","max-snippet":"max-snippet:-1","max-image-preview":"max-image-preview:large","max-video-preview":"max-video-preview:-1"},"canonical":"https:\/\/www.stupinasanctuctalis.ro\/en\/product\/miere-de-rapita-cu-capaceala\/","og_locale":"en_US","og_type":"article","og_title":"Miere de rapi\u021b\u0103 cu c\u0103p\u0103ceal\u0103 - Stupina Santuctalis","og_description":"Magazinul cu cele mai bune produse apicole \u0219i miere natural\u0103 din Timi\u0219oara ! Cump\u0103r\u0103 acum cu \u00eencredere, \u0219i ne vei mul\u021bumi mai t\u00e2rziu !","og_url":"https:\/\/www.stupinasanctuctalis.ro\/en\/product\/miere-de-rapita-cu-capaceala\/","og_site_name":"Stupina Santuctalis","article_modified_time":"2024-04-14T05:09:24+00:00","og_image":[{"width":408,"height":612,"url":"https:\/\/www.stupinasanctuctalis.ro\/wp-content\/uploads\/2022\/09\/A25B5266_prev_ui.png","type":"image\/png"}],"twitter_card":"summary_large_image","twitter_misc":{"Est. reading time":"1 minute"},"schema":{"@context":"https:\/\/schema.org","@graph":[{"@type":"WebPage","@id":"https:\/\/www.stupinasanctuctalis.ro\/product\/miere-de-rapita-cu-capaceala\/","url":"https:\/\/www.stupinasanctuctalis.ro\/product\/miere-de-rapita-cu-capaceala\/","name":"Miere de rapi\u021b\u0103 cu c\u0103p\u0103ceal\u0103 - Stupina Santuctalis","isPartOf":{"@id":"https:\/\/www.stupinasanctuctalis.ro\/#website"},"datePublished":"2022-09-12T20:08:54+00:00","dateModified":"2024-04-14T05:09:24+00:00","description":"Magazinul cu cele mai bune produse apicole \u0219i miere natural\u0103 din Timi\u0219oara ! Cump\u0103r\u0103 acum cu \u00eencredere, \u0219i ne vei mul\u021bumi mai t\u00e2rziu !","breadcrumb":{"@id":"https:\/\/www.stupinasanctuctalis.ro\/product\/miere-de-rapita-cu-capaceala\/#breadcrumb"},"inLanguage":"en-US","potentialAction":[{"@type":"ReadAction","target":["https:\/\/www.stupinasanctuctalis.ro\/product\/miere-de-rapita-cu-capaceala\/"]}]},{"@type":"BreadcrumbList","@id":"https:\/\/www.stupinasanctuctalis.ro\/product\/miere-de-rapita-cu-capaceala\/#breadcrumb","itemListElement":[{"@type":"ListItem","position":1,"name":"Acas\u0103","item":"https:\/\/www.stupinasanctuctalis.ro\/"},{"@type":"ListItem","position":2,"name":"Magazin","item":"https:\/\/www.stupinasanctuctalis.ro\/shop\/"},{"@type":"ListItem","position":3,"name":"Miere de rapi\u021b\u0103 cu c\u0103p\u0103ceal\u0103"}]},{"@type":"WebSite","@id":"https:\/\/www.stupinasanctuctalis.ro\/#website","url":"https:\/\/www.stupinasanctuctalis.ro\/","name":"Stupina Santuctalis","description":"indulce\u0219te-ti ziua cu produsele noastre delicioase!","publisher":{"@id":"https:\/\/www.stupinasanctuctalis.ro\/#organization"},"potentialAction":[{"@type":"SearchAction","target":{"@type":"EntryPoint","urlTemplate":"https:\/\/www.stupinasanctuctalis.ro\/?s={search_term_string}"},"query-input":"required name=search_term_string"}],"inLanguage":"en-US"},{"@type":"Organization","@id":"https:\/\/www.stupinasanctuctalis.ro\/#organization","name":"Stupina Santuctalis","url":"https:\/\/www.stupinasanctuctalis.ro\/","logo":{"@type":"ImageObject","inLanguage":"en-US","@id":"https:\/\/www.stupinasanctuctalis.ro\/#\/schema\/logo\/image\/","url":"https:\/\/www.stupinasanctuctalis.ro\/wp-content\/uploads\/2022\/09\/cropped-cropped-slazzer-edit-image-5-2.png","contentUrl":"https:\/\/www.stupinasanctuctalis.ro\/wp-content\/uploads\/2022\/09\/cropped-cropped-slazzer-edit-image-5-2.png","width":358,"height":349,"caption":"Stupina Santuctalis"},"image":{"@id":"https:\/\/www.stupinasanctuctalis.ro\/#\/schema\/logo\/image\/"},"sameAs":["https:\/\/www.instagram.com\/stupina_santuctalis\/"]}]}},"_links":{"self":[{"href":"https:\/\/www.stupinasanctuctalis.ro\/en\/wp-json\/wp\/v2\/product\/2001","targetHints":{"allow":["GET"]}}],"collection":[{"href":"https:\/\/www.stupinasanctuctalis.ro\/en\/wp-json\/wp\/v2\/product"}],"about":[{"href":"https:\/\/www.stupinasanctuctalis.ro\/en\/wp-json\/wp\/v2\/types\/product"}],"replies":[{"embeddable":true,"href":"https:\/\/www.stupinasanctuctalis.ro\/en\/wp-json\/wp\/v2\/comments?post=2001"}],"wp:featuredmedia":[{"embeddable":true,"href":"https:\/\/www.stupinasanctuctalis.ro\/en\/wp-json\/wp\/v2\/media\/2034"}],"wp:attachment":[{"href":"https:\/\/www.stupinasanctuctalis.ro\/en\/wp-json\/wp\/v2\/media?parent=2001"}],"wp:term":[{"taxonomy":"product_cat","embeddable":true,"href":"https:\/\/www.stupinasanctuctalis.ro\/en\/wp-json\/wp\/v2\/product_cat?post=2001"},{"taxonomy":"product_tag","embeddable":true,"href":"https:\/\/www.stupinasanctuctalis.ro\/en\/wp-json\/wp\/v2\/product_tag?post=2001"}],"curies":[{"name":"wp","href":"https:\/\/api.w.org\/{rel}","templated":true}]}}