{"id":2005,"date":"2022-09-12T20:19:07","date_gmt":"2022-09-12T20:19:07","guid":{"rendered":"http:\/\/www.stupinasanctuctalis.ro\/?post_type=product&#038;p=2005"},"modified":"2024-04-14T05:23:34","modified_gmt":"2024-04-14T05:23:34","slug":"miere-cu-muguri-de-brad","status":"publish","type":"product","link":"https:\/\/www.stupinasanctuctalis.ro\/en\/product\/miere-cu-muguri-de-brad\/","title":{"rendered":"Miere cu muguri de brad"},"content":{"rendered":"<p><strong>Muguri de brad macerati in miere.\u00a0<\/strong>Preparatul este un remediu extrem de eficient in lupta cu tusea, bronsita, starile gripale si laringita, avand un continut bogat de vitamina C. Acesta ajuta la fluidificarea secretiilor bronhice, fiind un expectorant exceptional si totodata un bun calmant, este recomandat in tratarea asteniilor si a starilor de stres, are proprietati antibiotice si ajuta la stimularea sistemului imunitar. Mugurii de brad macerati in miere sunt aliatul dumneavoastra impotriva situatiilor neprevazute, nu doar in sezonul rece ci pe tot parcursul anului, fiind un ajutor de nadejde.<\/p>\n<p>Cristalizarea este un proces natural specific mierii de calitate si nu influenteaza proprietatile acesteia.<\/p>","protected":false},"excerpt":{"rendered":"<p>Cantitate : 370ml.<\/p>\n<p>Con\u021binut : miere de salc\u00e2m, macerat de muguri de brad in miere de salc\u00e2m.<\/p>","protected":false},"featured_media":2031,"comment_status":"open","ping_status":"closed","template":"","meta":{"site-sidebar-layout":"default","site-content-layout":"default","ast-site-content-layout":"","site-content-style":"default","site-sidebar-style":"default","ast-global-header-display":"","ast-banner-title-visibility":"","ast-main-header-display":"","ast-hfb-above-header-display":"","ast-hfb-below-header-display":"","ast-hfb-mobile-header-display":"","site-post-title":"","ast-breadcrumbs-content":"","ast-featured-img":"","footer-sml-layout":"","theme-transparent-header-meta":"default","adv-header-id-meta":"","stick-header-meta":"","header-above-stick-meta":"","header-main-stick-meta":"","header-below-stick-meta":"","astra-migrate-meta-layouts":""},"product_cat":[24],"product_tag":[],"class_list":["post-2005","product","type-product","status-publish","has-post-thumbnail","hentry","product_cat-miere-cu-fructe-si-plante","desktop-align-left","tablet-align-left","mobile-align-left"],"yoast_head":"<!-- This site is optimized with the Yoast SEO plugin v21.0 - https:\/\/yoast.com\/wordpress\/plugins\/seo\/ -->\n<title>Miere cu muguri de brad - Stupina Santuctalis<\/title>\n<meta name=\"description\" content=\"Magazinul cu cele mai bune produse apicole \u0219i miere natural\u0103 din Timi\u0219oara ! Cump\u0103r\u0103 acum cu \u00eencredere, \u0219i ne vei mul\u021bumi mai t\u00e2rziu !\" \/>\n<meta name=\"robots\" content=\"index, follow, max-snippet:-1, max-image-preview:large, max-video-preview:-1\" \/>\n<link rel=\"canonical\" href=\"https:\/\/www.stupinasanctuctalis.ro\/en\/product\/miere-cu-muguri-de-brad\/\" \/>\n<meta property=\"og:locale\" content=\"en_US\" \/>\n<meta property=\"og:type\" content=\"article\" \/>\n<meta property=\"og:title\" content=\"Miere cu muguri de brad - Stupina Santuctalis\" \/>\n<meta property=\"og:description\" content=\"Magazinul cu cele mai bune produse apicole \u0219i miere natural\u0103 din Timi\u0219oara ! Cump\u0103r\u0103 acum cu \u00eencredere, \u0219i ne vei mul\u021bumi mai t\u00e2rziu !\" \/>\n<meta property=\"og:url\" content=\"https:\/\/www.stupinasanctuctalis.ro\/en\/product\/miere-cu-muguri-de-brad\/\" \/>\n<meta property=\"og:site_name\" content=\"Stupina Santuctalis\" \/>\n<meta property=\"article:modified_time\" content=\"2024-04-14T05:23:34+00:00\" \/>\n<meta property=\"og:image\" content=\"https:\/\/www.stupinasanctuctalis.ro\/wp-content\/uploads\/2022\/09\/A25B5270_prev_ui.png\" \/>\n\t<meta property=\"og:image:width\" content=\"408\" \/>\n\t<meta property=\"og:image:height\" content=\"612\" \/>\n\t<meta property=\"og:image:type\" content=\"image\/png\" \/>\n<meta name=\"twitter:card\" content=\"summary_large_image\" \/>\n<meta name=\"twitter:label1\" content=\"Est. reading time\" \/>\n\t<meta name=\"twitter:data1\" content=\"1 minute\" \/>\n<script type=\"application\/ld+json\" class=\"yoast-schema-graph\">{\"@context\":\"https:\/\/schema.org\",\"@graph\":[{\"@type\":\"WebPage\",\"@id\":\"https:\/\/www.stupinasanctuctalis.ro\/product\/miere-cu-muguri-de-brad\/\",\"url\":\"https:\/\/www.stupinasanctuctalis.ro\/product\/miere-cu-muguri-de-brad\/\",\"name\":\"Miere cu muguri de brad - Stupina Santuctalis\",\"isPartOf\":{\"@id\":\"https:\/\/www.stupinasanctuctalis.ro\/#website\"},\"datePublished\":\"2022-09-12T20:19:07+00:00\",\"dateModified\":\"2024-04-14T05:23:34+00:00\",\"description\":\"Magazinul cu cele mai bune produse apicole \u0219i miere natural\u0103 din Timi\u0219oara ! Cump\u0103r\u0103 acum cu \u00eencredere, \u0219i ne vei mul\u021bumi mai t\u00e2rziu !\",\"breadcrumb\":{\"@id\":\"https:\/\/www.stupinasanctuctalis.ro\/product\/miere-cu-muguri-de-brad\/#breadcrumb\"},\"inLanguage\":\"en-US\",\"potentialAction\":[{\"@type\":\"ReadAction\",\"target\":[\"https:\/\/www.stupinasanctuctalis.ro\/product\/miere-cu-muguri-de-brad\/\"]}]},{\"@type\":\"BreadcrumbList\",\"@id\":\"https:\/\/www.stupinasanctuctalis.ro\/product\/miere-cu-muguri-de-brad\/#breadcrumb\",\"itemListElement\":[{\"@type\":\"ListItem\",\"position\":1,\"name\":\"Acas\u0103\",\"item\":\"https:\/\/www.stupinasanctuctalis.ro\/\"},{\"@type\":\"ListItem\",\"position\":2,\"name\":\"Magazin\",\"item\":\"https:\/\/www.stupinasanctuctalis.ro\/shop\/\"},{\"@type\":\"ListItem\",\"position\":3,\"name\":\"Miere cu muguri de brad\"}]},{\"@type\":\"WebSite\",\"@id\":\"https:\/\/www.stupinasanctuctalis.ro\/#website\",\"url\":\"https:\/\/www.stupinasanctuctalis.ro\/\",\"name\":\"Stupina Santuctalis\",\"description\":\"indulce\u0219te-ti ziua cu produsele noastre delicioase!\",\"publisher\":{\"@id\":\"https:\/\/www.stupinasanctuctalis.ro\/#organization\"},\"potentialAction\":[{\"@type\":\"SearchAction\",\"target\":{\"@type\":\"EntryPoint\",\"urlTemplate\":\"https:\/\/www.stupinasanctuctalis.ro\/?s={search_term_string}\"},\"query-input\":\"required name=search_term_string\"}],\"inLanguage\":\"en-US\"},{\"@type\":\"Organization\",\"@id\":\"https:\/\/www.stupinasanctuctalis.ro\/#organization\",\"name\":\"Stupina Santuctalis\",\"url\":\"https:\/\/www.stupinasanctuctalis.ro\/\",\"logo\":{\"@type\":\"ImageObject\",\"inLanguage\":\"en-US\",\"@id\":\"https:\/\/www.stupinasanctuctalis.ro\/#\/schema\/logo\/image\/\",\"url\":\"https:\/\/www.stupinasanctuctalis.ro\/wp-content\/uploads\/2022\/09\/cropped-cropped-slazzer-edit-image-5-2.png\",\"contentUrl\":\"https:\/\/www.stupinasanctuctalis.ro\/wp-content\/uploads\/2022\/09\/cropped-cropped-slazzer-edit-image-5-2.png\",\"width\":358,\"height\":349,\"caption\":\"Stupina Santuctalis\"},\"image\":{\"@id\":\"https:\/\/www.stupinasanctuctalis.ro\/#\/schema\/logo\/image\/\"},\"sameAs\":[\"https:\/\/www.instagram.com\/stupina_santuctalis\/\"]}]}<\/script>\n<!-- \/ Yoast SEO plugin. -->","yoast_head_json":{"title":"Miere cu muguri de brad - Stupina Santuctalis","description":"Magazinul cu cele mai bune produse apicole \u0219i miere natural\u0103 din Timi\u0219oara ! Cump\u0103r\u0103 acum cu \u00eencredere, \u0219i ne vei mul\u021bumi mai t\u00e2rziu !","robots":{"index":"index","follow":"follow","max-snippet":"max-snippet:-1","max-image-preview":"max-image-preview:large","max-video-preview":"max-video-preview:-1"},"canonical":"https:\/\/www.stupinasanctuctalis.ro\/en\/product\/miere-cu-muguri-de-brad\/","og_locale":"en_US","og_type":"article","og_title":"Miere cu muguri de brad - Stupina Santuctalis","og_description":"Magazinul cu cele mai bune produse apicole \u0219i miere natural\u0103 din Timi\u0219oara ! Cump\u0103r\u0103 acum cu \u00eencredere, \u0219i ne vei mul\u021bumi mai t\u00e2rziu !","og_url":"https:\/\/www.stupinasanctuctalis.ro\/en\/product\/miere-cu-muguri-de-brad\/","og_site_name":"Stupina Santuctalis","article_modified_time":"2024-04-14T05:23:34+00:00","og_image":[{"width":408,"height":612,"url":"https:\/\/www.stupinasanctuctalis.ro\/wp-content\/uploads\/2022\/09\/A25B5270_prev_ui.png","type":"image\/png"}],"twitter_card":"summary_large_image","twitter_misc":{"Est. reading time":"1 minute"},"schema":{"@context":"https:\/\/schema.org","@graph":[{"@type":"WebPage","@id":"https:\/\/www.stupinasanctuctalis.ro\/product\/miere-cu-muguri-de-brad\/","url":"https:\/\/www.stupinasanctuctalis.ro\/product\/miere-cu-muguri-de-brad\/","name":"Miere cu muguri de brad - Stupina Santuctalis","isPartOf":{"@id":"https:\/\/www.stupinasanctuctalis.ro\/#website"},"datePublished":"2022-09-12T20:19:07+00:00","dateModified":"2024-04-14T05:23:34+00:00","description":"Magazinul cu cele mai bune produse apicole \u0219i miere natural\u0103 din Timi\u0219oara ! Cump\u0103r\u0103 acum cu \u00eencredere, \u0219i ne vei mul\u021bumi mai t\u00e2rziu !","breadcrumb":{"@id":"https:\/\/www.stupinasanctuctalis.ro\/product\/miere-cu-muguri-de-brad\/#breadcrumb"},"inLanguage":"en-US","potentialAction":[{"@type":"ReadAction","target":["https:\/\/www.stupinasanctuctalis.ro\/product\/miere-cu-muguri-de-brad\/"]}]},{"@type":"BreadcrumbList","@id":"https:\/\/www.stupinasanctuctalis.ro\/product\/miere-cu-muguri-de-brad\/#breadcrumb","itemListElement":[{"@type":"ListItem","position":1,"name":"Acas\u0103","item":"https:\/\/www.stupinasanctuctalis.ro\/"},{"@type":"ListItem","position":2,"name":"Magazin","item":"https:\/\/www.stupinasanctuctalis.ro\/shop\/"},{"@type":"ListItem","position":3,"name":"Miere cu muguri de brad"}]},{"@type":"WebSite","@id":"https:\/\/www.stupinasanctuctalis.ro\/#website","url":"https:\/\/www.stupinasanctuctalis.ro\/","name":"Stupina Santuctalis","description":"indulce\u0219te-ti ziua cu produsele noastre delicioase!","publisher":{"@id":"https:\/\/www.stupinasanctuctalis.ro\/#organization"},"potentialAction":[{"@type":"SearchAction","target":{"@type":"EntryPoint","urlTemplate":"https:\/\/www.stupinasanctuctalis.ro\/?s={search_term_string}"},"query-input":"required name=search_term_string"}],"inLanguage":"en-US"},{"@type":"Organization","@id":"https:\/\/www.stupinasanctuctalis.ro\/#organization","name":"Stupina Santuctalis","url":"https:\/\/www.stupinasanctuctalis.ro\/","logo":{"@type":"ImageObject","inLanguage":"en-US","@id":"https:\/\/www.stupinasanctuctalis.ro\/#\/schema\/logo\/image\/","url":"https:\/\/www.stupinasanctuctalis.ro\/wp-content\/uploads\/2022\/09\/cropped-cropped-slazzer-edit-image-5-2.png","contentUrl":"https:\/\/www.stupinasanctuctalis.ro\/wp-content\/uploads\/2022\/09\/cropped-cropped-slazzer-edit-image-5-2.png","width":358,"height":349,"caption":"Stupina Santuctalis"},"image":{"@id":"https:\/\/www.stupinasanctuctalis.ro\/#\/schema\/logo\/image\/"},"sameAs":["https:\/\/www.instagram.com\/stupina_santuctalis\/"]}]}},"_links":{"self":[{"href":"https:\/\/www.stupinasanctuctalis.ro\/en\/wp-json\/wp\/v2\/product\/2005","targetHints":{"allow":["GET"]}}],"collection":[{"href":"https:\/\/www.stupinasanctuctalis.ro\/en\/wp-json\/wp\/v2\/product"}],"about":[{"href":"https:\/\/www.stupinasanctuctalis.ro\/en\/wp-json\/wp\/v2\/types\/product"}],"replies":[{"embeddable":true,"href":"https:\/\/www.stupinasanctuctalis.ro\/en\/wp-json\/wp\/v2\/comments?post=2005"}],"wp:featuredmedia":[{"embeddable":true,"href":"https:\/\/www.stupinasanctuctalis.ro\/en\/wp-json\/wp\/v2\/media\/2031"}],"wp:attachment":[{"href":"https:\/\/www.stupinasanctuctalis.ro\/en\/wp-json\/wp\/v2\/media?parent=2005"}],"wp:term":[{"taxonomy":"product_cat","embeddable":true,"href":"https:\/\/www.stupinasanctuctalis.ro\/en\/wp-json\/wp\/v2\/product_cat?post=2005"},{"taxonomy":"product_tag","embeddable":true,"href":"https:\/\/www.stupinasanctuctalis.ro\/en\/wp-json\/wp\/v2\/product_tag?post=2005"}],"curies":[{"name":"wp","href":"https:\/\/api.w.org\/{rel}","templated":true}]}}