{"id":2059,"date":"2022-09-17T12:48:12","date_gmt":"2022-09-17T12:48:12","guid":{"rendered":"http:\/\/www.stupinasanctuctalis.ro\/?post_type=product&#038;p=2059"},"modified":"2024-04-14T05:20:06","modified_gmt":"2024-04-14T05:20:06","slug":"miere-crema","status":"publish","type":"product","link":"https:\/\/www.stupinasanctuctalis.ro\/en\/product\/miere-crema\/","title":{"rendered":"Miere crem\u0103"},"content":{"rendered":"","protected":false},"excerpt":{"rendered":"<p>Cantitate : 500gr<\/p>","protected":false},"featured_media":2046,"comment_status":"open","ping_status":"closed","template":"","meta":{"site-sidebar-layout":"default","site-content-layout":"default","ast-site-content-layout":"","site-content-style":"default","site-sidebar-style":"default","ast-global-header-display":"","ast-banner-title-visibility":"","ast-main-header-display":"","ast-hfb-above-header-display":"","ast-hfb-below-header-display":"","ast-hfb-mobile-header-display":"","site-post-title":"","ast-breadcrumbs-content":"","ast-featured-img":"","footer-sml-layout":"","theme-transparent-header-meta":"default","adv-header-id-meta":"","stick-header-meta":"","header-above-stick-meta":"","header-main-stick-meta":"","header-below-stick-meta":"","astra-migrate-meta-layouts":""},"product_cat":[16],"product_tag":[29,27,28],"class_list":["post-2059","product","type-product","status-publish","has-post-thumbnail","hentry","product_cat-miere-si-produse-apicole","product_tag-crema","product_tag-miere","product_tag-miere-crema","desktop-align-left","tablet-align-left","mobile-align-left"],"yoast_head":"<!-- This site is optimized with the Yoast SEO plugin v21.0 - https:\/\/yoast.com\/wordpress\/plugins\/seo\/ -->\n<title>Miere crem\u0103 - Stupina Santuctalis<\/title>\n<meta name=\"description\" content=\"Magazinul cu cele mai bune produse apicole \u0219i miere natural\u0103 din Timi\u0219oara ! Cump\u0103r\u0103 acum cu \u00eencredere, \u0219i ne vei mul\u021bumi mai t\u00e2rziu !\" \/>\n<meta name=\"robots\" content=\"index, follow, max-snippet:-1, max-image-preview:large, max-video-preview:-1\" \/>\n<link rel=\"canonical\" href=\"https:\/\/www.stupinasanctuctalis.ro\/en\/product\/miere-crema\/\" \/>\n<meta property=\"og:locale\" content=\"en_US\" \/>\n<meta property=\"og:type\" content=\"article\" \/>\n<meta property=\"og:title\" content=\"Miere crem\u0103 - Stupina Santuctalis\" \/>\n<meta property=\"og:description\" content=\"Magazinul cu cele mai bune produse apicole \u0219i miere natural\u0103 din Timi\u0219oara ! Cump\u0103r\u0103 acum cu \u00eencredere, \u0219i ne vei mul\u021bumi mai t\u00e2rziu !\" \/>\n<meta property=\"og:url\" content=\"https:\/\/www.stupinasanctuctalis.ro\/en\/product\/miere-crema\/\" \/>\n<meta property=\"og:site_name\" content=\"Stupina Santuctalis\" \/>\n<meta property=\"article:modified_time\" content=\"2024-04-14T05:20:06+00:00\" \/>\n<meta property=\"og:image\" content=\"https:\/\/www.stupinasanctuctalis.ro\/wp-content\/uploads\/2022\/09\/slazzer-edit-image-3.png\" \/>\n\t<meta property=\"og:image:width\" content=\"408\" \/>\n\t<meta property=\"og:image:height\" content=\"612\" \/>\n\t<meta property=\"og:image:type\" content=\"image\/png\" \/>\n<meta name=\"twitter:card\" content=\"summary_large_image\" \/>\n<script type=\"application\/ld+json\" class=\"yoast-schema-graph\">{\"@context\":\"https:\/\/schema.org\",\"@graph\":[{\"@type\":\"WebPage\",\"@id\":\"https:\/\/www.stupinasanctuctalis.ro\/product\/miere-crema\/\",\"url\":\"https:\/\/www.stupinasanctuctalis.ro\/product\/miere-crema\/\",\"name\":\"Miere crem\u0103 - Stupina Santuctalis\",\"isPartOf\":{\"@id\":\"https:\/\/www.stupinasanctuctalis.ro\/#website\"},\"datePublished\":\"2022-09-17T12:48:12+00:00\",\"dateModified\":\"2024-04-14T05:20:06+00:00\",\"description\":\"Magazinul cu cele mai bune produse apicole \u0219i miere natural\u0103 din Timi\u0219oara ! Cump\u0103r\u0103 acum cu \u00eencredere, \u0219i ne vei mul\u021bumi mai t\u00e2rziu !\",\"breadcrumb\":{\"@id\":\"https:\/\/www.stupinasanctuctalis.ro\/product\/miere-crema\/#breadcrumb\"},\"inLanguage\":\"en-US\",\"potentialAction\":[{\"@type\":\"ReadAction\",\"target\":[\"https:\/\/www.stupinasanctuctalis.ro\/product\/miere-crema\/\"]}]},{\"@type\":\"BreadcrumbList\",\"@id\":\"https:\/\/www.stupinasanctuctalis.ro\/product\/miere-crema\/#breadcrumb\",\"itemListElement\":[{\"@type\":\"ListItem\",\"position\":1,\"name\":\"Acas\u0103\",\"item\":\"https:\/\/www.stupinasanctuctalis.ro\/\"},{\"@type\":\"ListItem\",\"position\":2,\"name\":\"Magazin\",\"item\":\"https:\/\/www.stupinasanctuctalis.ro\/shop\/\"},{\"@type\":\"ListItem\",\"position\":3,\"name\":\"Miere crem\u0103\"}]},{\"@type\":\"WebSite\",\"@id\":\"https:\/\/www.stupinasanctuctalis.ro\/#website\",\"url\":\"https:\/\/www.stupinasanctuctalis.ro\/\",\"name\":\"Stupina Santuctalis\",\"description\":\"indulce\u0219te-ti ziua cu produsele noastre delicioase!\",\"publisher\":{\"@id\":\"https:\/\/www.stupinasanctuctalis.ro\/#organization\"},\"potentialAction\":[{\"@type\":\"SearchAction\",\"target\":{\"@type\":\"EntryPoint\",\"urlTemplate\":\"https:\/\/www.stupinasanctuctalis.ro\/?s={search_term_string}\"},\"query-input\":\"required name=search_term_string\"}],\"inLanguage\":\"en-US\"},{\"@type\":\"Organization\",\"@id\":\"https:\/\/www.stupinasanctuctalis.ro\/#organization\",\"name\":\"Stupina Santuctalis\",\"url\":\"https:\/\/www.stupinasanctuctalis.ro\/\",\"logo\":{\"@type\":\"ImageObject\",\"inLanguage\":\"en-US\",\"@id\":\"https:\/\/www.stupinasanctuctalis.ro\/#\/schema\/logo\/image\/\",\"url\":\"https:\/\/www.stupinasanctuctalis.ro\/wp-content\/uploads\/2022\/09\/cropped-cropped-slazzer-edit-image-5-2.png\",\"contentUrl\":\"https:\/\/www.stupinasanctuctalis.ro\/wp-content\/uploads\/2022\/09\/cropped-cropped-slazzer-edit-image-5-2.png\",\"width\":358,\"height\":349,\"caption\":\"Stupina Santuctalis\"},\"image\":{\"@id\":\"https:\/\/www.stupinasanctuctalis.ro\/#\/schema\/logo\/image\/\"},\"sameAs\":[\"https:\/\/www.instagram.com\/stupina_santuctalis\/\"]}]}<\/script>\n<!-- \/ Yoast SEO plugin. -->","yoast_head_json":{"title":"Miere crem\u0103 - Stupina Santuctalis","description":"Magazinul cu cele mai bune produse apicole \u0219i miere natural\u0103 din Timi\u0219oara ! Cump\u0103r\u0103 acum cu \u00eencredere, \u0219i ne vei mul\u021bumi mai t\u00e2rziu !","robots":{"index":"index","follow":"follow","max-snippet":"max-snippet:-1","max-image-preview":"max-image-preview:large","max-video-preview":"max-video-preview:-1"},"canonical":"https:\/\/www.stupinasanctuctalis.ro\/en\/product\/miere-crema\/","og_locale":"en_US","og_type":"article","og_title":"Miere crem\u0103 - Stupina Santuctalis","og_description":"Magazinul cu cele mai bune produse apicole \u0219i miere natural\u0103 din Timi\u0219oara ! Cump\u0103r\u0103 acum cu \u00eencredere, \u0219i ne vei mul\u021bumi mai t\u00e2rziu !","og_url":"https:\/\/www.stupinasanctuctalis.ro\/en\/product\/miere-crema\/","og_site_name":"Stupina Santuctalis","article_modified_time":"2024-04-14T05:20:06+00:00","og_image":[{"width":408,"height":612,"url":"https:\/\/www.stupinasanctuctalis.ro\/wp-content\/uploads\/2022\/09\/slazzer-edit-image-3.png","type":"image\/png"}],"twitter_card":"summary_large_image","schema":{"@context":"https:\/\/schema.org","@graph":[{"@type":"WebPage","@id":"https:\/\/www.stupinasanctuctalis.ro\/product\/miere-crema\/","url":"https:\/\/www.stupinasanctuctalis.ro\/product\/miere-crema\/","name":"Miere crem\u0103 - Stupina Santuctalis","isPartOf":{"@id":"https:\/\/www.stupinasanctuctalis.ro\/#website"},"datePublished":"2022-09-17T12:48:12+00:00","dateModified":"2024-04-14T05:20:06+00:00","description":"Magazinul cu cele mai bune produse apicole \u0219i miere natural\u0103 din Timi\u0219oara ! Cump\u0103r\u0103 acum cu \u00eencredere, \u0219i ne vei mul\u021bumi mai t\u00e2rziu !","breadcrumb":{"@id":"https:\/\/www.stupinasanctuctalis.ro\/product\/miere-crema\/#breadcrumb"},"inLanguage":"en-US","potentialAction":[{"@type":"ReadAction","target":["https:\/\/www.stupinasanctuctalis.ro\/product\/miere-crema\/"]}]},{"@type":"BreadcrumbList","@id":"https:\/\/www.stupinasanctuctalis.ro\/product\/miere-crema\/#breadcrumb","itemListElement":[{"@type":"ListItem","position":1,"name":"Acas\u0103","item":"https:\/\/www.stupinasanctuctalis.ro\/"},{"@type":"ListItem","position":2,"name":"Magazin","item":"https:\/\/www.stupinasanctuctalis.ro\/shop\/"},{"@type":"ListItem","position":3,"name":"Miere crem\u0103"}]},{"@type":"WebSite","@id":"https:\/\/www.stupinasanctuctalis.ro\/#website","url":"https:\/\/www.stupinasanctuctalis.ro\/","name":"Stupina Santuctalis","description":"indulce\u0219te-ti ziua cu produsele noastre delicioase!","publisher":{"@id":"https:\/\/www.stupinasanctuctalis.ro\/#organization"},"potentialAction":[{"@type":"SearchAction","target":{"@type":"EntryPoint","urlTemplate":"https:\/\/www.stupinasanctuctalis.ro\/?s={search_term_string}"},"query-input":"required name=search_term_string"}],"inLanguage":"en-US"},{"@type":"Organization","@id":"https:\/\/www.stupinasanctuctalis.ro\/#organization","name":"Stupina Santuctalis","url":"https:\/\/www.stupinasanctuctalis.ro\/","logo":{"@type":"ImageObject","inLanguage":"en-US","@id":"https:\/\/www.stupinasanctuctalis.ro\/#\/schema\/logo\/image\/","url":"https:\/\/www.stupinasanctuctalis.ro\/wp-content\/uploads\/2022\/09\/cropped-cropped-slazzer-edit-image-5-2.png","contentUrl":"https:\/\/www.stupinasanctuctalis.ro\/wp-content\/uploads\/2022\/09\/cropped-cropped-slazzer-edit-image-5-2.png","width":358,"height":349,"caption":"Stupina Santuctalis"},"image":{"@id":"https:\/\/www.stupinasanctuctalis.ro\/#\/schema\/logo\/image\/"},"sameAs":["https:\/\/www.instagram.com\/stupina_santuctalis\/"]}]}},"_links":{"self":[{"href":"https:\/\/www.stupinasanctuctalis.ro\/en\/wp-json\/wp\/v2\/product\/2059","targetHints":{"allow":["GET"]}}],"collection":[{"href":"https:\/\/www.stupinasanctuctalis.ro\/en\/wp-json\/wp\/v2\/product"}],"about":[{"href":"https:\/\/www.stupinasanctuctalis.ro\/en\/wp-json\/wp\/v2\/types\/product"}],"replies":[{"embeddable":true,"href":"https:\/\/www.stupinasanctuctalis.ro\/en\/wp-json\/wp\/v2\/comments?post=2059"}],"wp:featuredmedia":[{"embeddable":true,"href":"https:\/\/www.stupinasanctuctalis.ro\/en\/wp-json\/wp\/v2\/media\/2046"}],"wp:attachment":[{"href":"https:\/\/www.stupinasanctuctalis.ro\/en\/wp-json\/wp\/v2\/media?parent=2059"}],"wp:term":[{"taxonomy":"product_cat","embeddable":true,"href":"https:\/\/www.stupinasanctuctalis.ro\/en\/wp-json\/wp\/v2\/product_cat?post=2059"},{"taxonomy":"product_tag","embeddable":true,"href":"https:\/\/www.stupinasanctuctalis.ro\/en\/wp-json\/wp\/v2\/product_tag?post=2059"}],"curies":[{"name":"wp","href":"https:\/\/api.w.org\/{rel}","templated":true}]}}