{"id":2070,"date":"2022-09-17T13:31:17","date_gmt":"2022-09-17T13:31:17","guid":{"rendered":"http:\/\/www.stupinasanctuctalis.ro\/?post_type=product&#038;p=2070"},"modified":"2024-04-14T05:19:14","modified_gmt":"2024-04-14T05:19:14","slug":"miere-cu-seminte-de-floarea-soarelui","status":"publish","type":"product","link":"https:\/\/www.stupinasanctuctalis.ro\/en\/product\/miere-cu-seminte-de-floarea-soarelui\/","title":{"rendered":"Miere cu semin\u021be de floarea soarelui"},"content":{"rendered":"<p style=\"font-weight: 400\">Semintele de floarea soarelui sunt un remediu de baza \u00een combaterea bolilor de rinichi, de bil\u0103 si de circulatie. De asemenea, se folosesc \u00een cure pentru tratarea sterilitatii si impotentei vasculare \u0219i hormonale.<\/p>\n<p style=\"font-weight: 400\">Semintele de floarea-soarelui contin o cantitate substantiala de acid linoleic, care reduce depozitele de colesterol din peretii arterelor. Sunt bogate in vitamina E, un antioxidant care previne aparitia bolilor de inima. Sunt recomandate femeilor gravide si copiilor, pentru continutul ridicat de vitamine B.<\/p>\n<p style=\"font-weight: 400\">Semintele de floarea-soarelui au darul de a reduce pofta de nicotina. Contin vitamina E, acid folic, magneziu, seleniu, cupru. Si acestea sunt o sursa importanta de acizi grasi Omega-3, necesari in regenerarea celulelor.<\/p>\n<p style=\"font-weight: 400\">Naturistii sustin ca semintele de floarea-soarelui previn formarea cheagurilor de sange si reduc riscul de a va imbolnavi de inima.<\/p>","protected":false},"excerpt":{"rendered":"<p>Cantitate : 370ml<\/p>\n<p>Con\u021binut : miere de salc\u00e2m 300gr, seminte de floarea soarelui 100gr.<\/p>","protected":false},"featured_media":2071,"comment_status":"open","ping_status":"closed","template":"","meta":{"site-sidebar-layout":"default","site-content-layout":"default","ast-site-content-layout":"","site-content-style":"default","site-sidebar-style":"default","ast-global-header-display":"","ast-banner-title-visibility":"","ast-main-header-display":"","ast-hfb-above-header-display":"","ast-hfb-below-header-display":"","ast-hfb-mobile-header-display":"","site-post-title":"","ast-breadcrumbs-content":"","ast-featured-img":"","footer-sml-layout":"","theme-transparent-header-meta":"default","adv-header-id-meta":"","stick-header-meta":"","header-above-stick-meta":"","header-main-stick-meta":"","header-below-stick-meta":"","astra-migrate-meta-layouts":""},"product_cat":[24],"product_tag":[36,47,27,48,25,41,42,34],"class_list":["post-2070","product","type-product","status-publish","has-post-thumbnail","hentry","product_cat-miere-cu-fructe-si-plante","product_tag-bunatate","product_tag-floarea-soarelui","product_tag-miere","product_tag-miere-cu-seminte-defloarea-soarelui","product_tag-miere-de-salcam","product_tag-miere-naturala","product_tag-miere-organica","product_tag-stupina","desktop-align-left","tablet-align-left","mobile-align-left"],"yoast_head":"<!-- This site is optimized with the Yoast SEO plugin v21.0 - https:\/\/yoast.com\/wordpress\/plugins\/seo\/ -->\n<title>Miere cu semin\u021be de floarea soarelui - Stupina Santuctalis<\/title>\n<meta name=\"description\" content=\"Magazinul cu cele mai bune produse apicole \u0219i miere natural\u0103 din Timi\u0219oara ! Cump\u0103r\u0103 acum cu \u00eencredere, \u0219i ne vei mul\u021bumi mai t\u00e2rziu !\" \/>\n<meta name=\"robots\" content=\"index, follow, max-snippet:-1, max-image-preview:large, max-video-preview:-1\" \/>\n<link rel=\"canonical\" href=\"https:\/\/www.stupinasanctuctalis.ro\/en\/product\/miere-cu-seminte-de-floarea-soarelui\/\" \/>\n<meta property=\"og:locale\" content=\"en_US\" \/>\n<meta property=\"og:type\" content=\"article\" \/>\n<meta property=\"og:title\" content=\"Miere cu semin\u021be de floarea soarelui - Stupina Santuctalis\" \/>\n<meta property=\"og:description\" content=\"Magazinul cu cele mai bune produse apicole \u0219i miere natural\u0103 din Timi\u0219oara ! Cump\u0103r\u0103 acum cu \u00eencredere, \u0219i ne vei mul\u021bumi mai t\u00e2rziu !\" \/>\n<meta property=\"og:url\" content=\"https:\/\/www.stupinasanctuctalis.ro\/en\/product\/miere-cu-seminte-de-floarea-soarelui\/\" \/>\n<meta property=\"og:site_name\" content=\"Stupina Santuctalis\" \/>\n<meta property=\"article:modified_time\" content=\"2024-04-14T05:19:14+00:00\" \/>\n<meta property=\"og:image\" content=\"https:\/\/www.stupinasanctuctalis.ro\/wp-content\/uploads\/2022\/09\/A25B5278_prev_ui.png\" \/>\n\t<meta property=\"og:image:width\" content=\"408\" \/>\n\t<meta property=\"og:image:height\" content=\"612\" \/>\n\t<meta property=\"og:image:type\" content=\"image\/png\" \/>\n<meta name=\"twitter:card\" content=\"summary_large_image\" \/>\n<meta name=\"twitter:label1\" content=\"Est. reading time\" \/>\n\t<meta name=\"twitter:data1\" content=\"1 minute\" \/>\n<script type=\"application\/ld+json\" class=\"yoast-schema-graph\">{\"@context\":\"https:\/\/schema.org\",\"@graph\":[{\"@type\":\"WebPage\",\"@id\":\"https:\/\/www.stupinasanctuctalis.ro\/product\/miere-cu-seminte-de-floarea-soarelui\/\",\"url\":\"https:\/\/www.stupinasanctuctalis.ro\/product\/miere-cu-seminte-de-floarea-soarelui\/\",\"name\":\"Miere cu semin\u021be de floarea soarelui - Stupina Santuctalis\",\"isPartOf\":{\"@id\":\"https:\/\/www.stupinasanctuctalis.ro\/#website\"},\"datePublished\":\"2022-09-17T13:31:17+00:00\",\"dateModified\":\"2024-04-14T05:19:14+00:00\",\"description\":\"Magazinul cu cele mai bune produse apicole \u0219i miere natural\u0103 din Timi\u0219oara ! Cump\u0103r\u0103 acum cu \u00eencredere, \u0219i ne vei mul\u021bumi mai t\u00e2rziu !\",\"breadcrumb\":{\"@id\":\"https:\/\/www.stupinasanctuctalis.ro\/product\/miere-cu-seminte-de-floarea-soarelui\/#breadcrumb\"},\"inLanguage\":\"en-US\",\"potentialAction\":[{\"@type\":\"ReadAction\",\"target\":[\"https:\/\/www.stupinasanctuctalis.ro\/product\/miere-cu-seminte-de-floarea-soarelui\/\"]}]},{\"@type\":\"BreadcrumbList\",\"@id\":\"https:\/\/www.stupinasanctuctalis.ro\/product\/miere-cu-seminte-de-floarea-soarelui\/#breadcrumb\",\"itemListElement\":[{\"@type\":\"ListItem\",\"position\":1,\"name\":\"Acas\u0103\",\"item\":\"https:\/\/www.stupinasanctuctalis.ro\/\"},{\"@type\":\"ListItem\",\"position\":2,\"name\":\"Magazin\",\"item\":\"https:\/\/www.stupinasanctuctalis.ro\/shop\/\"},{\"@type\":\"ListItem\",\"position\":3,\"name\":\"Miere cu semin\u021be de floarea soarelui\"}]},{\"@type\":\"WebSite\",\"@id\":\"https:\/\/www.stupinasanctuctalis.ro\/#website\",\"url\":\"https:\/\/www.stupinasanctuctalis.ro\/\",\"name\":\"Stupina Santuctalis\",\"description\":\"indulce\u0219te-ti ziua cu produsele noastre delicioase!\",\"publisher\":{\"@id\":\"https:\/\/www.stupinasanctuctalis.ro\/#organization\"},\"potentialAction\":[{\"@type\":\"SearchAction\",\"target\":{\"@type\":\"EntryPoint\",\"urlTemplate\":\"https:\/\/www.stupinasanctuctalis.ro\/?s={search_term_string}\"},\"query-input\":\"required name=search_term_string\"}],\"inLanguage\":\"en-US\"},{\"@type\":\"Organization\",\"@id\":\"https:\/\/www.stupinasanctuctalis.ro\/#organization\",\"name\":\"Stupina Santuctalis\",\"url\":\"https:\/\/www.stupinasanctuctalis.ro\/\",\"logo\":{\"@type\":\"ImageObject\",\"inLanguage\":\"en-US\",\"@id\":\"https:\/\/www.stupinasanctuctalis.ro\/#\/schema\/logo\/image\/\",\"url\":\"https:\/\/www.stupinasanctuctalis.ro\/wp-content\/uploads\/2022\/09\/cropped-cropped-slazzer-edit-image-5-2.png\",\"contentUrl\":\"https:\/\/www.stupinasanctuctalis.ro\/wp-content\/uploads\/2022\/09\/cropped-cropped-slazzer-edit-image-5-2.png\",\"width\":358,\"height\":349,\"caption\":\"Stupina Santuctalis\"},\"image\":{\"@id\":\"https:\/\/www.stupinasanctuctalis.ro\/#\/schema\/logo\/image\/\"},\"sameAs\":[\"https:\/\/www.instagram.com\/stupina_santuctalis\/\"]}]}<\/script>\n<!-- \/ Yoast SEO plugin. -->","yoast_head_json":{"title":"Miere cu semin\u021be de floarea soarelui - Stupina Santuctalis","description":"Magazinul cu cele mai bune produse apicole \u0219i miere natural\u0103 din Timi\u0219oara ! Cump\u0103r\u0103 acum cu \u00eencredere, \u0219i ne vei mul\u021bumi mai t\u00e2rziu !","robots":{"index":"index","follow":"follow","max-snippet":"max-snippet:-1","max-image-preview":"max-image-preview:large","max-video-preview":"max-video-preview:-1"},"canonical":"https:\/\/www.stupinasanctuctalis.ro\/en\/product\/miere-cu-seminte-de-floarea-soarelui\/","og_locale":"en_US","og_type":"article","og_title":"Miere cu semin\u021be de floarea soarelui - Stupina Santuctalis","og_description":"Magazinul cu cele mai bune produse apicole \u0219i miere natural\u0103 din Timi\u0219oara ! Cump\u0103r\u0103 acum cu \u00eencredere, \u0219i ne vei mul\u021bumi mai t\u00e2rziu !","og_url":"https:\/\/www.stupinasanctuctalis.ro\/en\/product\/miere-cu-seminte-de-floarea-soarelui\/","og_site_name":"Stupina Santuctalis","article_modified_time":"2024-04-14T05:19:14+00:00","og_image":[{"width":408,"height":612,"url":"https:\/\/www.stupinasanctuctalis.ro\/wp-content\/uploads\/2022\/09\/A25B5278_prev_ui.png","type":"image\/png"}],"twitter_card":"summary_large_image","twitter_misc":{"Est. reading time":"1 minute"},"schema":{"@context":"https:\/\/schema.org","@graph":[{"@type":"WebPage","@id":"https:\/\/www.stupinasanctuctalis.ro\/product\/miere-cu-seminte-de-floarea-soarelui\/","url":"https:\/\/www.stupinasanctuctalis.ro\/product\/miere-cu-seminte-de-floarea-soarelui\/","name":"Miere cu semin\u021be de floarea soarelui - Stupina Santuctalis","isPartOf":{"@id":"https:\/\/www.stupinasanctuctalis.ro\/#website"},"datePublished":"2022-09-17T13:31:17+00:00","dateModified":"2024-04-14T05:19:14+00:00","description":"Magazinul cu cele mai bune produse apicole \u0219i miere natural\u0103 din Timi\u0219oara ! Cump\u0103r\u0103 acum cu \u00eencredere, \u0219i ne vei mul\u021bumi mai t\u00e2rziu !","breadcrumb":{"@id":"https:\/\/www.stupinasanctuctalis.ro\/product\/miere-cu-seminte-de-floarea-soarelui\/#breadcrumb"},"inLanguage":"en-US","potentialAction":[{"@type":"ReadAction","target":["https:\/\/www.stupinasanctuctalis.ro\/product\/miere-cu-seminte-de-floarea-soarelui\/"]}]},{"@type":"BreadcrumbList","@id":"https:\/\/www.stupinasanctuctalis.ro\/product\/miere-cu-seminte-de-floarea-soarelui\/#breadcrumb","itemListElement":[{"@type":"ListItem","position":1,"name":"Acas\u0103","item":"https:\/\/www.stupinasanctuctalis.ro\/"},{"@type":"ListItem","position":2,"name":"Magazin","item":"https:\/\/www.stupinasanctuctalis.ro\/shop\/"},{"@type":"ListItem","position":3,"name":"Miere cu semin\u021be de floarea soarelui"}]},{"@type":"WebSite","@id":"https:\/\/www.stupinasanctuctalis.ro\/#website","url":"https:\/\/www.stupinasanctuctalis.ro\/","name":"Stupina Santuctalis","description":"indulce\u0219te-ti ziua cu produsele noastre delicioase!","publisher":{"@id":"https:\/\/www.stupinasanctuctalis.ro\/#organization"},"potentialAction":[{"@type":"SearchAction","target":{"@type":"EntryPoint","urlTemplate":"https:\/\/www.stupinasanctuctalis.ro\/?s={search_term_string}"},"query-input":"required name=search_term_string"}],"inLanguage":"en-US"},{"@type":"Organization","@id":"https:\/\/www.stupinasanctuctalis.ro\/#organization","name":"Stupina Santuctalis","url":"https:\/\/www.stupinasanctuctalis.ro\/","logo":{"@type":"ImageObject","inLanguage":"en-US","@id":"https:\/\/www.stupinasanctuctalis.ro\/#\/schema\/logo\/image\/","url":"https:\/\/www.stupinasanctuctalis.ro\/wp-content\/uploads\/2022\/09\/cropped-cropped-slazzer-edit-image-5-2.png","contentUrl":"https:\/\/www.stupinasanctuctalis.ro\/wp-content\/uploads\/2022\/09\/cropped-cropped-slazzer-edit-image-5-2.png","width":358,"height":349,"caption":"Stupina Santuctalis"},"image":{"@id":"https:\/\/www.stupinasanctuctalis.ro\/#\/schema\/logo\/image\/"},"sameAs":["https:\/\/www.instagram.com\/stupina_santuctalis\/"]}]}},"_links":{"self":[{"href":"https:\/\/www.stupinasanctuctalis.ro\/en\/wp-json\/wp\/v2\/product\/2070","targetHints":{"allow":["GET"]}}],"collection":[{"href":"https:\/\/www.stupinasanctuctalis.ro\/en\/wp-json\/wp\/v2\/product"}],"about":[{"href":"https:\/\/www.stupinasanctuctalis.ro\/en\/wp-json\/wp\/v2\/types\/product"}],"replies":[{"embeddable":true,"href":"https:\/\/www.stupinasanctuctalis.ro\/en\/wp-json\/wp\/v2\/comments?post=2070"}],"wp:featuredmedia":[{"embeddable":true,"href":"https:\/\/www.stupinasanctuctalis.ro\/en\/wp-json\/wp\/v2\/media\/2071"}],"wp:attachment":[{"href":"https:\/\/www.stupinasanctuctalis.ro\/en\/wp-json\/wp\/v2\/media?parent=2070"}],"wp:term":[{"taxonomy":"product_cat","embeddable":true,"href":"https:\/\/www.stupinasanctuctalis.ro\/en\/wp-json\/wp\/v2\/product_cat?post=2070"},{"taxonomy":"product_tag","embeddable":true,"href":"https:\/\/www.stupinasanctuctalis.ro\/en\/wp-json\/wp\/v2\/product_tag?post=2070"}],"curies":[{"name":"wp","href":"https:\/\/api.w.org\/{rel}","templated":true}]}}